{"id":141,"date":"2016-09-11T15:27:47","date_gmt":"2016-09-11T13:27:47","guid":{"rendered":"http:\/\/www.dunt.at\/?page_id=141"},"modified":"2023-10-02T15:55:46","modified_gmt":"2023-10-02T13:55:46","slug":"startseite","status":"publish","type":"page","link":"https:\/\/www.dunt.at\/duntold\/","title":{"rendered":"Startseite"},"content":{"rendered":"<!-- This slideshow output is generated with Advanced post slider a multipurpose responsive WordPress slideshow plugin - http:\/\/www.wpcue.com\/wordpress-plugins\/advanced-post-slider\/ -->\n<style>\n#advps_container1 .bx-wrapper .bx-viewport {\n\t\t-moz-box-shadow: 0px 1px 4px #000000;\n\t-webkit-box-shadow: 0px 1px 4px #000000;\n\tbox-shadow: 0px 1px 4px #000000;\n\t\tbackground:#FFFFFF;\n}\n#advps_container1 .bx-wrapper .bx-pager{\n\ttext-align: center;\n\t;\n}\n#advps_container1 .bx-wrapper .bx-pager\n{\n\tbottom:-35px;\n\tz-index:999;\n}\n#advps_container1 .bx-wrapper .bx-controls-auto\n{\n\tbottom:6px;\n}\n#advps_container1 .bx-wrapper .bx-controls.bx-has-controls-auto.bx-has-pager .bx-pager {\n\ttext-align: center;\n}\n#advps_container1 .bx-wrapper .bx-controls-auto {\n\tz-index:99999;\n\ttext-align:center;width:100%;}\n\n#advps_container1 .bx-wrapper .bx-pager.bx-default-pager a {\n\tbackground: #666;\n\ttext-indent: -9999px;\n\tdisplay: block;\n\twidth: 10px;\n\theight: 10px;\n\tmargin: 0 5px;\n\toutline: 0;\n\t-moz-border-radius: 5px;\n\t-webkit-border-radius: 5px;\n\tborder-radius: 5px;\n\ttext-align:left;\n}\n#advps_container1 .bx-wrapper .bx-pager.bx-default-pager a:hover,\n#advps_container1 .bx-wrapper .bx-pager.bx-default-pager a.active {\n\tbackground: #000;\n}\n\n\/* thumbnail pager*\/\n#advps_container1 #bx-pager\n{\n\twidth:100%;\n\tposition:absolute;\n\tbottom:-35px;\n    text-align: center;\n\tz-index: 9999;\n}\n#advps_container1 #bx-pager a img\n{\n\tborder: 1px solid #CCCCCC;\n    padding: 3px;\n}\n#advps_container1 #bx-pager a:hover img, #advps_container1 #bx-pager a.active img\n{\n\tborder: 1px solid #666666;\n}\n\/* medai queries *\/\n#advps_container1 .advs-title,#advps_container1 .advs-title a\n{\n\tfont-size:20px;\n\tline-height:20px;\n}\n#advps_container1 .advps-slide p\n{\n\tfont-size:14px;\n\tline-height:14px;\n}\n@media screen and (max-width: 1024px){\n\t#advps_container1 .advs-title,#advps_container1 .advs-title a\n\t{\n\t\tfont-size:18px;\n\t\tline-height:18px;\n\t}\n\t#advps_container1 .advps-slide p\n\t{\n\t\tfont-size:12px;\n\t\tline-height:12px;\n\t}\n}\n@media screen and (max-width: 768px){\n\t#advps_container1 h2.advs-title, #advps_container1 h2.advs-title a\n\t{\n\t\tfont-size:16px;\n\t\tline-height:16px;\n\t}\n\t#advps_container1 .advps-slide p\n\t{\n\t\tfont-size:12px;\n\t\tline-height:12px;\n\t}\n}\n@media screen and (max-width: 650px){\n\t#advps_container1 h2.advs-title, #advps_container1 h2.advs-title a\n\t{\n\t\tfont-size:15px;\n\t\tline-height:15px;\n\t}\n\t#advps_container1 .advps-slide p\n\t{\n\t\tfont-size:12px;\n\t\tline-height:12px;\n\t}\n}\n@media screen and (max-width: 480px){\n\t#advps_container1 h2.advs-title, #advps_container1 h2.advs-title a\n\t{\n\t\tfont-size:15px;\n\t\tline-height:15px;\n\t}\n\t#advps_container1 .advps-slide p\n\t{\n\t\tfont-size:12px;\n\t\tline-height:12px;\n\t}\n}\n@media screen and (max-width: 320px){\n\t#advps_container1 h2.advs-title, #advps_container1 h2.advs-title a\n\t{\n\t\tfont-size:15px;\n\t\tline-height:15px;\n\t}\n\t#advps_container1 .advps-slide p\n\t{\n\t\tfont-size:12px;\n\t\tline-height:12px;\n\t}\n}\n<\/style>\n<script type=\"text\/javascript\">\n\t\tjQuery(document).ready(function($){\n\t\t\t$('#advpsslideshow_1').bxSlider({\n\t\t\t\tuseCSS:1,\n\t\t\t\tslideMargin: 0,\n\t\t\t\tspeed: 1000,\t\t\t\t\n\t\t\t\t\t\t\t\tmode: 'horizontal',\n\t\t\t\t\t\t\t\t\t\t\t\tauto: 1,\n\t\t\t\tautoHover: 1,\n\t\t\t\tpause: 3000,\n\t\t\t\teasing: 'linear',\n\t\t\t\tcontrols: 1,\n\t\t\t\tpager: 1,\n  \t\t\t\tautoControls: 1\t\t\t\t\t\t\t});\n\t\t\t\t\t\t\t$(\"#advpsslideshow_1 .advs-title a\").hover(function(){\n\t\t\t\t\t$(this).css('color','#c9c9c9');\n\t\t\t\t},function(){\n\t\t\t\t\t$(this).css('color','#FFFFFF');\n\t\t\t\t});\n\t\t\t\t\t\t$(\"#advpsslideshow_1 .advps-slide\").hover(function(){\n\t\t\t\t  \t\t\t},function(){\n\t\t\t\t\t\t\t});\n\t\t});\n\t<\/script>\n<div id=\"advps_container1\" class=\"advps-slide-container\" style=\"overflow:hidden;max-width:600px;margin:auto;\">\n \n  <div id=\"advpsslideshow_1\">\n        <div class=\"advps-slide\">\n\t<a target=\"_self\" href=\"https:\/\/www.dunt.at\/duntold\/dsg-flashfiles\/\" >      <img loading=\"lazy\" decoding=\"async\" width=\"600\" height=\"330\" src=\"https:\/\/www.dunt.at\/duntold\/wp-content\/uploads\/2018\/11\/DSG_header2-600x330.jpg\" class=\"attachment-tortuga-thumbnail-large size-tortuga-thumbnail-large wp-post-image\" alt=\"\" \/>      <\/a>       \n      <div class=\"advps-excerpt-one\" style=\"width:30%;height:100%;bottom:0; left:0;\">\n      \t<div class=\"advps-overlay-one\" style=\"background-color:#000000; -moz-opacity:0.6;filter:alpha(opacity=60);opacity:0.6;\"><\/div>\n        <div class=\"advps-excerpt-block-one\" style=\"text-align:left;color:#FFFFFF;-moz-opacity:1;filter:alpha(opacity=100);opacity:1;\">        \n        <h2 class=\"advs-title\" style=\"margin:5px 0px 10px 0px;color:#FFFFFF\"><a target=\"_self\" href=\"https:\/\/www.dunt.at\/duntold\/dsg-flashfiles\/\" style=\"margin:5px 0px 10px 0px;color:#FFFFFF\" >DSG Flashfiles<\/a><\/h2>\n          \n            <p>Wer sein DSG mittels VCP etc. flashen will wird feststellen, dass es auf den Flash- Datentr\u00e4gern keine Files mit\u00a0den SW Nummern des DSGs gibt. Auf<\/p>\n        <\/div>\n      <\/div>\n    <\/div>\n        <div class=\"advps-slide\">\n\t<a target=\"_self\" href=\"https:\/\/www.dunt.at\/duntold\/nec-24c3264-tfl-led\/\" >      <img loading=\"lazy\" decoding=\"async\" width=\"600\" height=\"330\" src=\"https:\/\/www.dunt.at\/duntold\/wp-content\/uploads\/2016\/09\/tfl-led_4-600x330.jpg\" class=\"attachment-tortuga-thumbnail-large size-tortuga-thumbnail-large wp-post-image\" alt=\"\" \/>      <\/a>       \n      <div class=\"advps-excerpt-one\" style=\"width:30%;height:100%;bottom:0; left:0;\">\n      \t<div class=\"advps-overlay-one\" style=\"background-color:#000000; -moz-opacity:0.6;filter:alpha(opacity=60);opacity:0.6;\"><\/div>\n        <div class=\"advps-excerpt-block-one\" style=\"text-align:left;color:#FFFFFF;-moz-opacity:1;filter:alpha(opacity=100);opacity:1;\">        \n        <h2 class=\"advs-title\" style=\"margin:5px 0px 10px 0px;color:#FFFFFF\"><a target=\"_self\" href=\"https:\/\/www.dunt.at\/duntold\/nec-24c3264-tfl-led\/\" style=\"margin:5px 0px 10px 0px;color:#FFFFFF\" >NEC 24c32\/64 TFL LED<\/a><\/h2>\n          \n            <p>Bei den meisten Tachos ist es m\u00f6glich die Tagfahrlicht (TFL) Led im EEPROM zu aktivieren. Wie der Name schon sagt leuchtet diese LED wenn das<\/p>\n        <\/div>\n      <\/div>\n    <\/div>\n        <div class=\"advps-slide\">\n\t<a target=\"_self\" href=\"https:\/\/www.dunt.at\/duntold\/nec-24c3264-lineare-temperaturkennlinie\/\" >      <img loading=\"lazy\" decoding=\"async\" width=\"600\" height=\"330\" src=\"https:\/\/www.dunt.at\/duntold\/wp-content\/uploads\/2016\/09\/lintmp_5-600x330.jpg\" class=\"attachment-tortuga-thumbnail-large size-tortuga-thumbnail-large wp-post-image\" alt=\"\" \/>      <\/a>       \n      <div class=\"advps-excerpt-one\" style=\"width:30%;height:100%;bottom:0; left:0;\">\n      \t<div class=\"advps-overlay-one\" style=\"background-color:#000000; -moz-opacity:0.6;filter:alpha(opacity=60);opacity:0.6;\"><\/div>\n        <div class=\"advps-excerpt-block-one\" style=\"text-align:left;color:#FFFFFF;-moz-opacity:1;filter:alpha(opacity=100);opacity:1;\">        \n        <h2 class=\"advs-title\" style=\"margin:5px 0px 10px 0px;color:#FFFFFF\"><a target=\"_self\" href=\"https:\/\/www.dunt.at\/duntold\/nec-24c3264-lineare-temperaturkennlinie\/\" style=\"margin:5px 0px 10px 0px;color:#FFFFFF\" >NEC 24c32\/64 lineare Temperaturkennlinie<\/a><\/h2>\n          \n            <p>Passat 3C s\/w Kombiinstrument NEC lineare Temperaturkennlinie Die meisten Kombiinstrumente l\u00fcgen einen in Sachen Temperatur etwas vor. Bei den Passat 3c Ki`s ab 10\/2008 ist<\/p>\n        <\/div>\n      <\/div>\n    <\/div>\n        <div class=\"advps-slide\">\n\t<a target=\"_self\" href=\"https:\/\/www.dunt.at\/duntold\/rdks-datansatz-helper\/\" >      <img loading=\"lazy\" decoding=\"async\" width=\"600\" height=\"330\" src=\"https:\/\/www.dunt.at\/duntold\/wp-content\/uploads\/2016\/12\/RDKS_6-600x330.jpg\" class=\"attachment-tortuga-thumbnail-large size-tortuga-thumbnail-large wp-post-image\" alt=\"\" \/>      <\/a>       \n      <div class=\"advps-excerpt-one\" style=\"width:30%;height:100%;bottom:0; left:0;\">\n      \t<div class=\"advps-overlay-one\" style=\"background-color:#000000; -moz-opacity:0.6;filter:alpha(opacity=60);opacity:0.6;\"><\/div>\n        <div class=\"advps-excerpt-block-one\" style=\"text-align:left;color:#FFFFFF;-moz-opacity:1;filter:alpha(opacity=100);opacity:1;\">        \n        <h2 class=\"advs-title\" style=\"margin:5px 0px 10px 0px;color:#FFFFFF\"><a target=\"_self\" href=\"https:\/\/www.dunt.at\/duntold\/rdks-datansatz-helper\/\" style=\"margin:5px 0px 10px 0px;color:#FFFFFF\" >RDKS Datansatz Helper<\/a><\/h2>\n          \n            <p>Hier habe ich ein kleines Tool um einen Datensatz f\u00fcr die Passat B7 3AA Reifendruck Kontrolle zu erstellen,\u00a0um eigene Reifen und Dr\u00fccke anzeigen zu k\u00f6nnen.<\/p>\n        <\/div>\n      <\/div>\n    <\/div>\n        <div class=\"advps-slide\">\n\t<a target=\"_self\" href=\"https:\/\/www.dunt.at\/duntold\/nec-24c3264-staging\/\" >      <img loading=\"lazy\" decoding=\"async\" width=\"600\" height=\"330\" src=\"https:\/\/www.dunt.at\/duntold\/wp-content\/uploads\/2016\/09\/staging_vorschau-600x330.jpg\" class=\"attachment-tortuga-thumbnail-large size-tortuga-thumbnail-large wp-post-image\" alt=\"\" \/>      <\/a>       \n      <div class=\"advps-excerpt-one\" style=\"width:30%;height:100%;bottom:0; left:0;\">\n      \t<div class=\"advps-overlay-one\" style=\"background-color:#000000; -moz-opacity:0.6;filter:alpha(opacity=60);opacity:0.6;\"><\/div>\n        <div class=\"advps-excerpt-block-one\" style=\"text-align:left;color:#FFFFFF;-moz-opacity:1;filter:alpha(opacity=100);opacity:1;\">        \n        <h2 class=\"advs-title\" style=\"margin:5px 0px 10px 0px;color:#FFFFFF\"><a target=\"_self\" href=\"https:\/\/www.dunt.at\/duntold\/nec-24c3264-staging\/\" style=\"margin:5px 0px 10px 0px;color:#FFFFFF\" >Nec 24c32\/64 Staging<\/a><\/h2>\n          \n            <p>Staging\/Zeigerwischen oder Zeigertest ist wen die Drehzahlanzeige und die Geschwindigkeitsanzeige bei Z\u00fcndung ein einmal auf Anschlag gehen. Grunds\u00e4tzlich kann man es bei allen NEC VDO<\/p>\n        <\/div>\n      <\/div>\n    <\/div>\n        <div class=\"advps-slide\">\n\t<a target=\"_self\" href=\"https:\/\/www.dunt.at\/duntold\/premium-telefon-steuergeraet\/\" >      <img loading=\"lazy\" decoding=\"async\" width=\"600\" height=\"330\" src=\"https:\/\/www.dunt.at\/duntold\/wp-content\/uploads\/2016\/09\/telj412_bild3-600x330.jpg\" class=\"attachment-tortuga-thumbnail-large size-tortuga-thumbnail-large wp-post-image\" alt=\"\" \/>      <\/a>       \n      <div class=\"advps-excerpt-one\" style=\"width:30%;height:100%;bottom:0; left:0;\">\n      \t<div class=\"advps-overlay-one\" style=\"background-color:#000000; -moz-opacity:0.6;filter:alpha(opacity=60);opacity:0.6;\"><\/div>\n        <div class=\"advps-excerpt-block-one\" style=\"text-align:left;color:#FFFFFF;-moz-opacity:1;filter:alpha(opacity=100);opacity:1;\">        \n        <h2 class=\"advs-title\" style=\"margin:5px 0px 10px 0px;color:#FFFFFF\"><a target=\"_self\" href=\"https:\/\/www.dunt.at\/duntold\/premium-telefon-steuergeraet\/\" style=\"margin:5px 0px 10px 0px;color:#FFFFFF\" >Premium Telefon Steuerger\u00e4t<\/a><\/h2>\n          \n            <p>Premium Telefon Steuerger\u00e4t(J738):\u00a0 Einbauort unter den Beifahrersitz; m\u00f6gliche Telefonsteuerger\u00e4t: Steckverbindung T54 am Telefon Steuerger\u00e4t: Pinbelegung: !!noch nicht vollst\u00e4ndig!! bl = blau, rt = rot, br<\/p>\n        <\/div>\n      <\/div>\n    <\/div>\n        <div class=\"advps-slide\">\n\t<a target=\"_self\" href=\"https:\/\/www.dunt.at\/duntold\/immo-ii-iii\/\" >      <img loading=\"lazy\" decoding=\"async\" width=\"600\" height=\"330\" src=\"https:\/\/www.dunt.at\/duntold\/wp-content\/uploads\/2016\/10\/immo2-3_2-600x330.jpg\" class=\"attachment-tortuga-thumbnail-large size-tortuga-thumbnail-large wp-post-image\" alt=\"\" \/>      <\/a>       \n      <div class=\"advps-excerpt-one\" style=\"width:30%;height:100%;bottom:0; left:0;\">\n      \t<div class=\"advps-overlay-one\" style=\"background-color:#000000; -moz-opacity:0.6;filter:alpha(opacity=60);opacity:0.6;\"><\/div>\n        <div class=\"advps-excerpt-block-one\" style=\"text-align:left;color:#FFFFFF;-moz-opacity:1;filter:alpha(opacity=100);opacity:1;\">        \n        <h2 class=\"advs-title\" style=\"margin:5px 0px 10px 0px;color:#FFFFFF\"><a target=\"_self\" href=\"https:\/\/www.dunt.at\/duntold\/immo-ii-iii\/\" style=\"margin:5px 0px 10px 0px;color:#FFFFFF\" >Immo 2 \/ Immo 3<\/a><\/h2>\n          \n            <p>Hier eine \u00dcbersicht wie Ihr z.B. bei einen Golf IV den Tacho\/MSG mit VCDS tauscht. Wo wurden diese IMMO Generationen verbaut: IMMO II:\u00a0Golf IV, Bora,<\/p>\n        <\/div>\n      <\/div>\n    <\/div>\n        <div class=\"advps-slide\">\n\t<a target=\"_self\" href=\"https:\/\/www.dunt.at\/duntold\/a6-4f-tacho-tauschen\/\" >      <img loading=\"lazy\" decoding=\"async\" width=\"600\" height=\"330\" src=\"https:\/\/www.dunt.at\/duntold\/wp-content\/uploads\/2017\/01\/4ftacho_1-600x330.jpg\" class=\"attachment-tortuga-thumbnail-large size-tortuga-thumbnail-large wp-post-image\" alt=\"\" \/>      <\/a>       \n      <div class=\"advps-excerpt-one\" style=\"width:30%;height:100%;bottom:0; left:0;\">\n      \t<div class=\"advps-overlay-one\" style=\"background-color:#000000; -moz-opacity:0.6;filter:alpha(opacity=60);opacity:0.6;\"><\/div>\n        <div class=\"advps-excerpt-block-one\" style=\"text-align:left;color:#FFFFFF;-moz-opacity:1;filter:alpha(opacity=100);opacity:1;\">        \n        <h2 class=\"advs-title\" style=\"margin:5px 0px 10px 0px;color:#FFFFFF\"><a target=\"_self\" href=\"https:\/\/www.dunt.at\/duntold\/a6-4f-tacho-tauschen\/\" style=\"margin:5px 0px 10px 0px;color:#FFFFFF\" >A6 4F Tacho tauschen<\/a><\/h2>\n          \n            <p>Dies sollte kein Tutorial im eigentlichen\u00a0Sinne sein, eher will ich euch meine Erfahrungen zum Thema Kombiinstrument (KI) tausch beim A6 4F mit euch teilen. Im<\/p>\n        <\/div>\n      <\/div>\n    <\/div>\n        <div class=\"advps-slide\">\n\t<a target=\"_self\" href=\"https:\/\/www.dunt.at\/duntold\/pla-1-0-update-auf-1-5\/\" >      <img loading=\"lazy\" decoding=\"async\" width=\"600\" height=\"330\" src=\"https:\/\/www.dunt.at\/duntold\/wp-content\/uploads\/2017\/12\/plaupdate_1-600x330.jpg\" class=\"attachment-tortuga-thumbnail-large size-tortuga-thumbnail-large wp-post-image\" alt=\"\" \/>      <\/a>       \n      <div class=\"advps-excerpt-one\" style=\"width:30%;height:100%;bottom:0; left:0;\">\n      \t<div class=\"advps-overlay-one\" style=\"background-color:#000000; -moz-opacity:0.6;filter:alpha(opacity=60);opacity:0.6;\"><\/div>\n        <div class=\"advps-excerpt-block-one\" style=\"text-align:left;color:#FFFFFF;-moz-opacity:1;filter:alpha(opacity=100);opacity:1;\">        \n        <h2 class=\"advs-title\" style=\"margin:5px 0px 10px 0px;color:#FFFFFF\"><a target=\"_self\" href=\"https:\/\/www.dunt.at\/duntold\/pla-1-0-update-auf-1-5\/\" style=\"margin:5px 0px 10px 0px;color:#FFFFFF\" >PLA 1.0 Update auf 1.5<\/a><\/h2>\n          \n            <p>Wer in seinen Passat 3c den Park-Lenk-Assistent (PLA) verbaut hat bei den ist Wahrscheinlich den 1.0 verbaut. Eine \u00dcbersicht der PLA Steuerger\u00e4te\u00a0gibt es hier (am<\/p>\n        <\/div>\n      <\/div>\n    <\/div>\n        <div class=\"advps-slide\">\n\t<a target=\"_self\" href=\"https:\/\/www.dunt.at\/duntold\/dtc-off-software\/\" >      <img loading=\"lazy\" decoding=\"async\" width=\"600\" height=\"330\" src=\"https:\/\/www.dunt.at\/duntold\/wp-content\/uploads\/2019\/07\/DTConlineheader-600x330.png\" class=\"attachment-tortuga-thumbnail-large size-tortuga-thumbnail-large wp-post-image\" alt=\"\" \/>      <\/a>       \n      <div class=\"advps-excerpt-one\" style=\"width:30%;height:100%;bottom:0; left:0;\">\n      \t<div class=\"advps-overlay-one\" style=\"background-color:#000000; -moz-opacity:0.6;filter:alpha(opacity=60);opacity:0.6;\"><\/div>\n        <div class=\"advps-excerpt-block-one\" style=\"text-align:left;color:#FFFFFF;-moz-opacity:1;filter:alpha(opacity=100);opacity:1;\">        \n        <h2 class=\"advs-title\" style=\"margin:5px 0px 10px 0px;color:#FFFFFF\"><a target=\"_self\" href=\"https:\/\/www.dunt.at\/duntold\/dtc-off-software\/\" style=\"margin:5px 0px 10px 0px;color:#FFFFFF\" >DTC OFF Software<\/a><\/h2>\n          \n            <p>DTC2.exe ist Geschichte! Aber keine Sorge: DTC2.exe wird vollst\u00e4ndig durch DTC2 online ersetzt. Ich wei\u00df, dass es sicherlich Nutzer gibt, denen die Online-Version nicht so<\/p>\n        <\/div>\n      <\/div>\n    <\/div>\n      <\/div>\n  <\/div><!-- end advps-slide-container -->\n<!-- \/ Advanced post slider a multipurpose responsive slideshow plugin -->\n\n<p>Dies ist meine Webseite, auf der Sie einige Informationen zum Passat B6\/B7 sowie Details zu meinen weiteren Projekten finden.<\/p>\n","protected":false},"excerpt":{"rendered":"<p>Dies ist meine Webseite, auf der Sie einige Informationen zum Passat B6\/B7 sowie Details zu meinen weiteren Projekten finden.<\/p>\n","protected":false},"author":1,"featured_media":0,"parent":0,"menu_order":0,"comment_status":"closed","ping_status":"closed","template":"","meta":{"_monsterinsights_skip_tracking":false,"_monsterinsights_sitenote_active":false,"_monsterinsights_sitenote_note":"","_monsterinsights_sitenote_category":0,"footnotes":""},"class_list":["post-141","page","type-page","status-publish","hentry"],"_links":{"self":[{"href":"https:\/\/www.dunt.at\/duntold\/wp-json\/wp\/v2\/pages\/141","targetHints":{"allow":["GET"]}}],"collection":[{"href":"https:\/\/www.dunt.at\/duntold\/wp-json\/wp\/v2\/pages"}],"about":[{"href":"https:\/\/www.dunt.at\/duntold\/wp-json\/wp\/v2\/types\/page"}],"author":[{"embeddable":true,"href":"https:\/\/www.dunt.at\/duntold\/wp-json\/wp\/v2\/users\/1"}],"replies":[{"embeddable":true,"href":"https:\/\/www.dunt.at\/duntold\/wp-json\/wp\/v2\/comments?post=141"}],"version-history":[{"count":4,"href":"https:\/\/www.dunt.at\/duntold\/wp-json\/wp\/v2\/pages\/141\/revisions"}],"predecessor-version":[{"id":1652,"href":"https:\/\/www.dunt.at\/duntold\/wp-json\/wp\/v2\/pages\/141\/revisions\/1652"}],"wp:attachment":[{"href":"https:\/\/www.dunt.at\/duntold\/wp-json\/wp\/v2\/media?parent=141"}],"curies":[{"name":"wp","href":"https:\/\/api.w.org\/{rel}","templated":true}]}}