{"id":25,"date":"2016-09-10T17:23:09","date_gmt":"2016-09-10T15:23:09","guid":{"rendered":"http:\/\/www.dunt.at\/?page_id=25"},"modified":"2018-02-12T15:41:25","modified_gmt":"2018-02-12T14:41:25","slug":"impressum","status":"publish","type":"page","link":"https:\/\/www.dunt.at\/duntold\/impressum\/","title":{"rendered":"Impressum"},"content":{"rendered":"<p>F\u00fcr den Inhalt dieser Hompage verantwortlich:<\/p>\n<p>David Unterpirker<br \/>\n9833 Rangersdorf<br \/>\n\u00d6sterreich (AT)<\/p>\n<p><img loading=\"lazy\" decoding=\"async\" class=\"alignnone wp-image-75\" src=\"https:\/\/www.dunt.at\/wp-content\/uploads\/2016\/09\/email.png\" alt=\"email\" width=\"140\" height=\"26\" \/><\/p>\n<hr \/>\n<p>Dies ist eine private Website und steht in keinem Zusammenhang mit der Volkswagen AG oder deren Tochtergesellschaften. Ich \u00fcbernehme keine Haftung f\u00fcr die Richtigkeit und Vollst\u00e4ndigkeit der von mir erstellten Texte. F\u00fcr jegliche Sch\u00e4den die durch meine Anleitungen\/Programme etc. entstanden sind ist jeder selbst verantwortlich.<br \/>\nDie Website ist urheberrechtlich gesch\u00fctzt. Die Vervielf\u00e4ltigung von Informationen oder Daten, insbesondere die Verwendung von Texten bzw. Textstellen oder Bildmaterial bedarf der vorherigen Zustimmung von mir.<\/p>\n<hr \/>\n<p style=\"text-align: left;\"><strong>Spenden:<\/strong><br \/>\nAlle Inhalte auf dieser Homepage sind kostenlos und bleiben es auch. Allerdings fallen \u00fcber das Jahr schon ein paar Kosten an. Wenn diese Seite jemanden besonders gut gef\u00e4llt oder geholfen hat kann dieser gerne einen kleinen Betrag spenden.<\/p>\n<div align=\"center\"><!-- Begin PayPal Donations by https:\/\/www.tipsandtricks-hq.com\/paypal-donations-widgets-plugin -->\n\n<form action=\"https:\/\/www.paypal.com\/cgi-bin\/webscr\" method=\"post\">\n    <div class=\"paypal-donations\">\n        <input type=\"hidden\" name=\"cmd\" value=\"_donations\" \/>\n        <input type=\"hidden\" name=\"bn\" value=\"TipsandTricks_SP\" \/>\n        <input type=\"hidden\" name=\"business\" value=\"d.unterpirker@gmail.com\" \/>\n        <input type=\"hidden\" name=\"page_style\" value=\"dunt.at Passat Infoseite\" \/>\n        <input type=\"hidden\" name=\"return\" value=\"http:\/\/www.dunt.at\" \/>\n        <input type=\"hidden\" name=\"item_name\" value=\"dunt.at\" \/>\n        <input type=\"hidden\" name=\"rm\" value=\"0\" \/>\n        <input type=\"hidden\" name=\"currency_code\" value=\"EUR\" \/>\n        <input type=\"image\" style=\"cursor: pointer;\" src=\"https:\/\/www.paypalobjects.com\/de_DE\/AT\/i\/btn\/btn_donateCC_LG.gif\" name=\"submit\" alt=\"PayPal - The safer, easier way to pay online.\" \/>\n        <img loading=\"lazy\" decoding=\"async\" alt=\"\" src=\"https:\/\/www.paypalobjects.com\/en_US\/i\/scr\/pixel.gif\" width=\"1\" height=\"1\" \/>\n    <\/div>\n<\/form>\n<!-- End PayPal Donations -->\n<\/div>\n<hr \/>\n<p><span style=\"color: #333333;\">Google-Analytics \u2013 Datenschutz Hinweis:<\/span><br \/>\n<span style=\"color: #333333;\">Diese Website benutzt Google Analytics, einen Webanalysedienst der Google Inc. (\u201eGoogle\u201c). Google Analytics verwendet sog. \u201eCookies\u201c, Textdateien, die auf Ihrem Computer gespeichert werden und die eine Analyse der Benutzung der Website durch Sie erm\u00f6glichen. Die durch den Cookie erzeugten Informationen \u00fcber Ihre Benutzung dieser Website (einschlie\u00dflich Ihrer IP-Adresse) wird an einen Server von Google in den USA \u00fcbertragen und dort gespeichert. Google wird diese Informationen benutzen, um Ihre Nutzung der Website auszuwerten, um Reports \u00fcber die Websiteaktivit\u00e4ten f\u00fcr die Websitebetreiber zusammenzustellen und um weitere mit der Websitenutzung und der Internetnutzung verbundene Dienstleistungen zu erbringen. Auch wird Google diese Informationen gegebenenfalls an Dritte \u00fcbertragen, sofern dies gesetzlich vorgeschrieben oder soweit Dritte diese Daten im Auftrag von Google verarbeiten. Google wird in keinem Fall Ihre IP-Adresse mit anderen Daten von Google in Verbindung bringen. Sie k\u00f6nnen die Installation der Cookies durch eine entsprechende Einstellung Ihrer Browser Software verhindern; wir weisen Sie jedoch darauf hin, dass Sie in diesem Fall gegebenenfalls nicht s\u00e4mtliche Funktionen dieser Website vollumf\u00e4nglich nutzen k\u00f6nnen. Durch die Nutzung dieser Website erkl\u00e4ren Sie sich mit der Bearbeitung der \u00fcber Sie erhobenen Daten durch Google in der zuvor beschriebenen Art und Weise und zu dem zuvor benannten Zweck einverstanden.\u201c<\/span><\/p>\n<p><span style=\"color: #333333;\">Soweit Google Adsense, ein Webanzeigendienst der Google Inc., USA (\u201eGoogle\u201c), auf dieser Website Werbung (Textanzeigen, Banner etc.) schaltet, speichert Ihr Browser eventuell ein von Google Inc. oder Dritten gesendetes Cookie. Die in dem Cookie gespeicherten Informationen k\u00f6nnen durch Google Inc. oder auch Dritte aufgezeichnet, gesammelt und ausgewertet werden. Dar\u00fcber hinaus verwendet Google Adsense zur Sammlung von Informationen auch sog. \u201eWebBacons\u201c (kleine unsichtbare Grafiken), durch deren Verwendung einfache Aktionen wie der Besucherverkehr auf der Webseite aufgezeichnet, gesammelt und ausgewertet werden k\u00f6nnen. Die durch den Cookie und\/oder Web Bacon erzeugten Informationen \u00fcber Ihre Nutzung dieser Website werden an einen Server von Google in den USA \u00fcbertragen und dort gespeichert. Google benutzt die so erhaltenen Informationen, um eine Auswertung Ihres Nutzungsverhaltens im Hinblick auf die AdSense-Anzeigen durchzuf\u00fchren. Google wird diese Informationen gegebenenfalls auch an Dritte \u00fcbertragen, sofern dies gesetzlich vorgeschrieben ist oder soweit Dritte diese Daten im Auftrag von Google verarbeiten. Ihre IP-Adresse wird von Google nicht mit anderen von Google gespeicherten Daten in Verbindung gebracht. Sie k\u00f6nnen das Speichern von Cookies auf Ihrer Festplatte und die Anzeige von Web Bacons verhindern. Dazu m\u00fcssen Sie in Ihren Browser-Einstellungen \u201ekeine Cookies akzeptieren\u201c w\u00e4hlen (Im Internet-Explorer unter \u201eExtras \/ Internetoptionen \/ Datenschutz \/ Einstellung\u201c, bei Firefox unter \u201eExtras \/ Einstellungen \/ Datenschutz \/ Cookies\u201c). Weitere Informationen \u00fcber die Datenschutzbestimmungen von Google finden Sie auf der Webseite von <a style=\"color: #333333;\" href=\"http:\/\/www.google.com\/policies\/privacy\/\">Google Analytics<\/a>.<\/span><\/p>\n<p><span style=\"color: #333333;\">Quelle: <a style=\"color: #333333;\" href=\"http:\/\/www.seo-experte.at\">www.seo-experte.at<\/a><\/span><\/p>\n","protected":false},"excerpt":{"rendered":"<p>F\u00fcr den Inhalt dieser Hompage verantwortlich: David Unterpirker 9833 Rangersdorf<\/p>\n","protected":false},"author":1,"featured_media":0,"parent":0,"menu_order":0,"comment_status":"closed","ping_status":"closed","template":"","meta":{"_monsterinsights_skip_tracking":false,"_monsterinsights_sitenote_active":false,"_monsterinsights_sitenote_note":"","_monsterinsights_sitenote_category":0,"footnotes":""},"class_list":["post-25","page","type-page","status-publish","hentry"],"_links":{"self":[{"href":"https:\/\/www.dunt.at\/duntold\/wp-json\/wp\/v2\/pages\/25","targetHints":{"allow":["GET"]}}],"collection":[{"href":"https:\/\/www.dunt.at\/duntold\/wp-json\/wp\/v2\/pages"}],"about":[{"href":"https:\/\/www.dunt.at\/duntold\/wp-json\/wp\/v2\/types\/page"}],"author":[{"embeddable":true,"href":"https:\/\/www.dunt.at\/duntold\/wp-json\/wp\/v2\/users\/1"}],"replies":[{"embeddable":true,"href":"https:\/\/www.dunt.at\/duntold\/wp-json\/wp\/v2\/comments?post=25"}],"version-history":[{"count":1,"href":"https:\/\/www.dunt.at\/duntold\/wp-json\/wp\/v2\/pages\/25\/revisions"}],"predecessor-version":[{"id":1137,"href":"https:\/\/www.dunt.at\/duntold\/wp-json\/wp\/v2\/pages\/25\/revisions\/1137"}],"wp:attachment":[{"href":"https:\/\/www.dunt.at\/duntold\/wp-json\/wp\/v2\/media?parent=25"}],"curies":[{"name":"wp","href":"https:\/\/api.w.org\/{rel}","templated":true}]}}